{"id":3602,"date":"2015-07-31T16:52:14","date_gmt":"2015-07-31T16:52:14","guid":{"rendered":"http:\/\/biokatal.com\/ca\/?page_id=3602"},"modified":"2020-12-02T19:09:03","modified_gmt":"2020-12-02T19:09:03","slug":"avis-legal","status":"publish","type":"page","link":"https:\/\/biokatal.com\/ca\/avis-legal\/","title":{"rendered":"AV\u00cdS LEGAL"},"content":{"rendered":"<h2>AV\u00cdS LEGAL DE WWW.BIOKATAL.COM<\/h2>\n<table class=\"Tabladecuadrcula1clara1\" border=\"1\" cellspacing=\"0\" cellpadding=\"0\">\n<tbody>\n<tr>\n<td colspan=\"2\" width=\"585\">\n<p align=\"center\"><strong>Informaci\u00f3 b\u00e0sica sobre Protecci\u00f3 de Dades<\/strong><\/p>\n<\/td>\n<\/tr>\n<tr>\n<td width=\"154\">\n<p align=\"center\"><strong>Responsable<\/strong><\/p>\n<\/td>\n<td width=\"430\">Cygyc Biocon, S.L.<a href=\"file:\/\/\/C:\/Users\/Usuari09\/AppData\/Local\/Microsoft\/Windows\/Temporary%20Internet%20Files\/Content.Outlook\/X6VIZRQJ\/N.2.16.%20Primera%20capa%20informativa%20web%20cygyc.com.docx#Responsable\"><br \/>\n<\/a><\/td>\n<\/tr>\n<tr>\n<td width=\"154\">\n<p align=\"center\"><strong>Finalitat<\/strong><\/p>\n<\/td>\n<td width=\"430\">Gestionar les consultes rebudes per contactar amb l'usuari.\u00a0<a href=\"file:\/\/\/C:\/Users\/Usuari09\/AppData\/Local\/Microsoft\/Windows\/Temporary%20Internet%20Files\/Content.Outlook\/X6VIZRQJ\/N.2.16.%20Primera%20capa%20informativa%20web%20cygyc.com.docx#Finalidad\"><br \/>\n<\/a><\/td>\n<\/tr>\n<tr>\n<td width=\"154\">\n<p align=\"center\"><strong>Legitimaci\u00f3<\/strong><\/p>\n<\/td>\n<td width=\"430\">Consentiment del interessat en l'acceptaci\u00f3 de la pol\u00edtica de privacitat.\u00a0<a href=\"file:\/\/\/C:\/Users\/Usuari09\/AppData\/Local\/Microsoft\/Windows\/Temporary%20Internet%20Files\/Content.Outlook\/X6VIZRQJ\/N.2.16.%20Primera%20capa%20informativa%20web%20cygyc.com.docx#Legitimaci%C3%B3n\"><br \/>\n<\/a><\/td>\n<\/tr>\n<tr>\n<td width=\"154\">\n<p align=\"center\"><strong>Procedencia<\/strong><\/p>\n<\/td>\n<td width=\"430\">Dades introdu\u00efdes en qualsevol formulari de contacte i\/o correus electr\u00f2nics.<a href=\"file:\/\/\/C:\/Users\/Usuari09\/AppData\/Local\/Microsoft\/Windows\/Temporary%20Internet%20Files\/Content.Outlook\/X6VIZRQJ\/N.2.16.%20Primera%20capa%20informativa%20web%20cygyc.com.docx#Procedencia\"><br \/>\n<\/a><\/td>\n<\/tr>\n<tr>\n<td width=\"154\">\n<p align=\"center\"><strong>Destinataris<\/strong><\/p>\n<\/td>\n<td width=\"430\">Encarregats del tractament amb seu a Espanya.\u00a0<a href=\"file:\/\/\/C:\/Users\/Usuari09\/AppData\/Local\/Microsoft\/Windows\/Temporary%20Internet%20Files\/Content.Outlook\/X6VIZRQJ\/N.2.16.%20Primera%20capa%20informativa%20web%20cygyc.com.docx#Destinatarios\"><br \/>\n<\/a><\/td>\n<\/tr>\n<tr>\n<td width=\"154\">\n<p align=\"center\"><strong>Drets<\/strong><\/p>\n<\/td>\n<td width=\"430\">Accedir, rectificar i suprimir les dades aix\u00ed com altres drets, com s'explica en el corresponent apartat.\u00a0<a href=\"file:\/\/\/C:\/Users\/Usuari09\/AppData\/Local\/Microsoft\/Windows\/Temporary%20Internet%20Files\/Content.Outlook\/X6VIZRQJ\/N.2.16.%20Primera%20capa%20informativa%20web%20cygyc.com.docx#Derechos\"><br \/>\n<\/a><\/td>\n<\/tr>\n<tr>\n<td width=\"154\">\n<p align=\"center\"><strong>Pol\u00edtica de\u00a0<em>cookies<\/em><\/strong><\/p>\n<\/td>\n<td width=\"430\">S'empren cookies d'estad\u00edstica.<a href=\"file:\/\/\/C:\/Users\/Usuari09\/AppData\/Local\/Microsoft\/Windows\/Temporary%20Internet%20Files\/Content.Outlook\/X6VIZRQJ\/N.2.16.%20Primera%20capa%20informativa%20web%20cygyc.com.docx#Cookies\"><br \/>\n<\/a><\/td>\n<\/tr>\n<tr>\n<td width=\"154\">\n<p align=\"center\"><strong>Informaci\u00f3 adicional<\/strong><\/p>\n<\/td>\n<td width=\"430\">Poden consultar la informaci\u00f3 addicional i detallada sobre Protecci\u00f3 de Dades al desgl\u00f3s d'apartats que els presentem a continuaci\u00f3 (Segona capa informativa).<\/td>\n<\/tr>\n<\/tbody>\n<\/table>\n<p><strong>Responsable. Qui \u00e9s el responsable de l'tractament de les seves dades?<\/strong><\/p>\n<p>En compliment de la Llei 34\/2002, de 11 de juliol, de serveis de la societat de la informaci\u00f3 i de comer\u00e7 electr\u00f2nic, l'informem que Cygyc Biocon, S.L. (Des d'ara Cygyc) \u00e9s el titular del web cygyc.com, amb NIF B67084210 i domicili en Carrer B\u00e8lgica, num. 5, P.I, Pla de Llerona, 08520, Les Franqueses de Vall\u00e8s. Podeu contactar, a m\u00e9s d'estar a la seva disposici\u00f3 en la direcci\u00f3 que els hem facilitat, fent servir els seg\u00fcents mitjans: per correu electr\u00f2nic a: info@kaifor.eu.<\/p>\n<p><strong>Legitimaci\u00f3. Quina \u00e9s la legitimaci\u00f3 per al tractament de les seves dades?<\/strong><\/p>\n<p>La base legal per al tractament de les seves dades est\u00e0 basada en el consentiment que se li sol\u00b7licitar\u00e0 en qualsevol formulari de contacte. L'usuari que faciliti dades personals trav\u00e9s de qualsevol formulari de contacte del web de Cygyc, est\u00e0 proporcionant volunt\u00e0riament dades de car\u00e0cter personal (d'ara endavant les Dades Personals). La informaci\u00f3 personal que ens faciliti a trav\u00e9s de qualsevol formulari de contacte i en els correus electr\u00f2nics, passar\u00e0 a ser introdu\u00efda en un fitxer automatitzat sota la responsabilitat de Cygyc, i es mantindr\u00e0 confidencial i protegida.<\/p>\n<p>En aquest sentit, Cygyc informa els usuaris que, en compliment de l'art. 5 de la Llei Org\u00e0nica 15\/1999, de 13 de desembre, de protecci\u00f3 de dades de car\u00e0cter personal, aquesta entitat t\u00e9 fitxers amb dades personals, adequadament notificats i registrats davant l'Ag\u00e8ncia Espanyola de Protecci\u00f3 de Dades de Car\u00e0cter Personal, i en compliment de l' RGPD 679\/2016 disposa d'un Registre d'Activitats. Per tot aix\u00f2, l'usuari accepta de forma expressa i plenament i sense reserves que Cygyc tracti les seves dades personals de forma automatitzada i incorpori en el fitxer de tractament amb la finalitat de poder-li prestar i oferir els seus serveis. En l'ep\u00edgraf finalitat li detallem \u00e0mpliament amb quina finalitat tractem les seves dades personals.<\/p>\n<p>questa pol\u00edtica de privacitat descriu la recopilaci\u00f3 i l'\u00fas que fem de la seva informaci\u00f3 personal. Llevat que espec\u00edficament s'estableixi el contrari, es considerar\u00e0 necessari completar totes les dades obligat\u00f2ries per utilitzar qualsevol formulari de contacte.<\/p>\n<p><strong>Proced\u00e8ncia. Com hem obtingut les seves dades?<\/strong><\/p>\n<p>Tota la informaci\u00f3 personal, dades de car\u00e0cter personal, que tenim de vost\u00e8 ens l'ha facilitat a trav\u00e9s de qualsevol formulari de contacte o en els correus electr\u00f2nics.<\/p>\n<p>Tipus de formularis de contacte que es presentaran a la web:<\/p>\n<p>Formulari de contacte: sol\u00b7licitar informaci\u00f3.<br \/>\nLes categories de dades que es tracten s\u00f3n:<br \/>\n\u00b7 Nom complet.<br \/>\n\u00b7 Correu electr\u00f2nic.<\/p>\n<p>\u00b7 Empresa<\/p>\n<p>No es tracten dades especialment protegides.<\/p>\n<p>Visita la web de Cygyc no suposa que l'usuari estigui obligat a facilitar cap informaci\u00f3 sobre si mateix.<\/p>\n<p>L'usuari tindr\u00e0 l'opci\u00f3 de prestar la seva acceptaci\u00f3 i consentiment a el tractament de les seves Dades Personals per part de Cygyc de conformitat amb la present Pol\u00edtica de Protecci\u00f3 de Dades. No obstant, si no accepta els termes de la Pol\u00edtica de Protecci\u00f3 de Dades que se li demani en les diferents caselles de validaci\u00f3 inequ\u00edvoca de consentiment, l'usuari no podr\u00e0 utilitzar qualsevol formulari de contacte.<\/p>\n<p>Cygyc prohibeix expressament que els menors de divuit anys facilitin Dades Personals sense el consentiment previ dels seus pares o tutors. En cas de ser menor de divuit anys i no haver dit consentiment, no faciliti Dades Personals a Cygyc ni utilitzi els nostres serveis.<\/p>\n<p>L'usuari ha de facilitar a Cygyc les Dades Personals que se li puguin requerir en utilitzar qualsevol formulari de contacte. Les Dades Personals seran tractades amb el grau de protecci\u00f3 legalment exigible per garantir la seguretat dels mateixos i evitar la seva alteraci\u00f3, p\u00e8rdua, tractament o acc\u00e9s no autoritzat, tenint en compte l'estat de la tecnologia, sent l'usuari conscient i acceptant que les mesures de seguretat a Internet no s\u00f3n inexpugnables.<\/p>\n<p><strong>Finalitat. Amb quina finalitat tractem les seves dades personals?<\/strong><\/p>\n<p>En Cygyc Biocon, S.L .. tractem la informaci\u00f3 que ens facilita per gestionar les consultes rebudes per contactar l'usuari.<\/p>\n<p>Finalitat de l'tractament de dades de qualsevol formulari de contacte: respondre a les seves consultes.<\/p>\n<p>En resum, del que s'ha dit fins ara, la informaci\u00f3 personal que ens faciliti a trav\u00e9s dels diferents formularis i en els correus electr\u00f2nics, es mantindr\u00e0 confidencial i protegida. En cap cas es destinar\u00e0 o utilitzar\u00e0 per a altres fins, ni es lliurar\u00e0 a terceres persones sense el seu consentiment, d'acord amb els principis de protecci\u00f3 de dades de la llei espanyola LOPD (Llei Org\u00e0nica 15\/1999, de l'13 de desembre, de Protecci\u00f3 de dades de car\u00e0cter personal i RD 1720\/2007, de 21 de desembre, de Reglament de Desenvolupament), aix\u00ed com el RGPD 679\/2016. per\u00a0complir amb les diferents disposicions legals, hem establert diferents nivells de seguretat per protegir les dades personals que ens facilitin, havent adoptat totes les mesures t\u00e8cniques al nostre abast per evitar la p\u00e8rdua, mal \u00fas, alteraci\u00f3, acc\u00e9s no autoritzat i manipulaci\u00f3 d'aquestes dades personals .<\/p>\n<p>El nostre comprom\u00eds:<\/p>\n<p>Prometem protegir la seva intimitat i tractar de forma confidencial la informaci\u00f3 que proporcioni.<br \/>\nLa informaci\u00f3 que proporcioni ser\u00e0 utilitzada \u00fanicament per a respondre a les seves consultar o referent als serveis contractats.<br \/>\nNo revelarem la seva informaci\u00f3 personal a tercers sense el seu consentiment.<\/p>\n<p>L'usuari haur\u00e0 d'emplenar els formularis que es continguin amb dades veritables, exactes, completes i actualitzades, responent dels danys i perjudicis que pogu\u00e9s ocasionar a Cygyc, o a tercers com a conseq\u00fc\u00e8ncia de la inobserv\u00e0ncia de tals aspectes.<\/p>\n<p><strong>Per quant de temps conservarem les seves dades?<\/strong><\/p>\n<p>Les dades de contacte enviats per correu electr\u00f2nic s'eliminaran un cop es gestioni la consulta. Les dades de facturaci\u00f3 es conservaran el per\u00edode fiscalment obligatori.<\/p>\n<p><strong>Destinataris. A qu\u00e8 destinataris es comunicaran les seves dades?<\/strong><\/p>\n<p>Aquestes dades seran tractades per CYGYC BIOCON, S.L. i els col\u00b7laboradors de l'Responsable en cas que fos necessari, i seran sotmesos a secret professional per poder prestar-li el servei sol\u00b7licitat.<\/p>\n<p><strong>Drets. Quins s\u00f3n els seus drets quan ens facilita les seves dades?<\/strong><\/p>\n<p>Qualsevol persona t\u00e9 dret a obtenir confirmaci\u00f3 sobre si en Cygyc estem tractant dades personals que els concerneixin, o no. Les persones interessades tenen dret a accedir a les seves dades personals, aix\u00ed com a sol\u00b7licitar la rectificaci\u00f3 de les dades inexactes o, si escau, sol\u00b7licitar la seva supressi\u00f3 quan, entre d'altres motius, les dades ja no siguin necessaris per als fins que van ser recollides. T\u00e9 sempre dret a exercir els seus drets d'informaci\u00f3, acc\u00e9s, rectificaci\u00f3, oposici\u00f3, supressi\u00f3, limitaci\u00f3 de tractament i portabilitat de les dades personals que ens hagi proporcionat, que estableix la RGPD 679\/2016. Pot fer-ho a la seg\u00fcent adre\u00e7a: info@kaifor.eu, o b\u00e9, per escrit al seu domicili social situat en Carrer B\u00e8lgica, num. 5, P.I, Pla de Llerona, 08520, Les Franqueses de Vall\u00e8s.<\/p>\n<p><strong>Pol\u00edtica de Cookies<\/strong><\/p>\n<p>Les cookies s\u00f3n petits arxius que s'instal\u00b7len a l'ordinador de l'usuari i que permeten als el responsable d'un servei millorar la forma d'interactuar entre els seus visitants i el seu lloc web. En alguns casos, la instal\u00b7laci\u00f3 d'aquestes galetes requereix d'el consentiment de l'usuari.<br \/>\nHi ha diferents classes de galetes, afectades i no afectades per la Llei:<\/p>\n<p>Cookies no afectades:<\/p>\n<p>T\u00e8cniques: S\u00f3n necess\u00e0ria per a la navegaci\u00f3. Sense elles la p\u00e0gina no funcionaria adequadament.<br \/>\nDe personalitzaci\u00f3 o configuraci\u00f3: Permeten que la p\u00e0gina reconegui l'idioma de l'usuari, la mida de lletres, etc.<br \/>\nDe seguretat: Impedeixen o dificulten atacs contra el lloc web o els seus usuaris.<\/p>\n<p>Cookies afectades:<\/p>\n<p>Anal\u00edtiques: Permeten mesurar l'activitat dels usuaris i elaborar estad\u00edstiques de navegaci\u00f3.<br \/>\nPublicit\u00e0ries: Gestionen la freq\u00fc\u00e8ncia i el contingut dels anuncis.<br \/>\nDe seguiment: Emmagatzemen informaci\u00f3 sobre els usuaris per mostrar-los publicitat personalitzada.<\/p>\n<p>Cygyc informa que el lloc web utilitza Google Analytics, un servei anal\u00edtic de web prestat per Google, Inc., una companyia de Delaware l'oficina principal a 1600 Amphitheatre Parkway, Mountain View (Calif\u00f2rnia), CA 94043, Estats Units ( \"Google\" ).<\/p>\n<p>Google Analytics utilitza \"cookies\", que s\u00f3n arxius de text ubicats al seu ordinador, per ajudar a l'website a analitzar l'\u00fas que fan els usuaris del lloc web. La informaci\u00f3 que genera la cookie sobre el seu \u00fas del website (incloent la seva adre\u00e7a IP) ser\u00e0 directament transmesa i arxivada per Google en els servidors d'Estats Units. Google utilitzar\u00e0 aquesta informaci\u00f3 per compte nostre amb el prop\u00f2sit de seguir la pista del seu \u00fas del website, recopilant informes de l'activitat del website i prestant altres serveis relacionats amb l'activitat del website i l'\u00fas d'Internet. Quan visita el web de Cygyc, algunes galetes no les instal\u00b7larem nosaltres, sin\u00f3 que les instal\u00b7laran tercers. Per exemple, si fa clic en un anunci d'un tercer que apareix al lloc web (\u00e9s a dir, que anuncia un producte que no venem nosaltres), aquest tercer pot instal\u00b7lar les galetes al dispositiu. Tenim una relaci\u00f3 comercial amb aquests tercers per\u00f2 no vam instal\u00b7lar les galetes al dispositiu. Per tant suggerim que vagi als llocs web d'aquests tercers per obtenir m\u00e9s informaci\u00f3 sobre les cookies que s'instal\u00b7len i com vost\u00e8 pot gestionar-les.<\/p>\n<p>El seu consentiment s'aplica als seg\u00fcents dominis: <a href=\"http:\/\/biokatal.com\">biokatal.com<\/a><\/p>\n<div class=\"cli_user_consent_state\"><div class=\"cli_user_consent_state\">L'estat actual: No s'ha donat consentiment. <a class=\"cli_manage_current_consent\" style=\"cursor:pointer;text-decoration:underline;\">Gestiona el consentiment.<\/a> <\/div><\/div>\n<p><strong>Llista de cookies<\/strong><\/p>\n<table class=\"cookielawinfo-row-cat-table cookielawinfo-classic\"><thead><tr><th class=\"cookielawinfo-column-1\">Galeta<\/th><th class=\"cookielawinfo-column-2\">Tipus<\/th><th class=\"cookielawinfo-column-3\">Durada<\/th><th class=\"cookielawinfo-column-4\">Descripci\u00f3<\/th><\/tr><\/thead><tbody><tr class=\"cookielawinfo-row\"><td class=\"cookielawinfo-column-1\">cookielawinfo-checkbox-necessary<\/td><td class=\"cookielawinfo-column-2\">persistent<\/td><td class=\"cookielawinfo-column-3\">1 any<\/td><td class=\"cookielawinfo-column-4\">Cookie que controla el <em>checkbox\u00a0<\/em>d'aceptar cookies.<\/td><\/tr><tr class=\"cookielawinfo-row\"><td class=\"cookielawinfo-column-1\">cookielawinfo-checkbox-non-necessary<\/td><td class=\"cookielawinfo-column-2\">persistent<\/td><td class=\"cookielawinfo-column-3\">1 any<\/td><td class=\"cookielawinfo-column-4\">Cookie que controla el <em>checkbox\u00a0<\/em>de no aceptar cookies.<\/td><\/tr><tr class=\"cookielawinfo-row\"><td class=\"cookielawinfo-column-1\">viewed_cookie_policy<\/td><td class=\"cookielawinfo-column-2\">persistent<\/td><td class=\"cookielawinfo-column-3\">1 any<\/td><td class=\"cookielawinfo-column-4\">Pol\u00edtica de cookies.<\/td><\/tr><\/tbody><\/table>\n<p>Pot vost\u00e8 rebutjar el tractament de les dades o la informaci\u00f3 rebutjant l'\u00fas de cookies mitjan\u00e7ant la selecci\u00f3 de la configuraci\u00f3 apropiada del seu navegador, per\u00f2, ha de vost\u00e8 saber que si ho fa pot ser que no pugui utilitzar la plena funcionalitat d'aquest website. A l'utilitzar aquest lloc web vost\u00e8 consent el tractament d'informaci\u00f3 sobre vost\u00e8 per Google en la forma i per als fins dalt indicats.<br \/>\nPer desactivar \/ activar les cookies del dispositiu, haur\u00e0 de fer-ho a trav\u00e9s del seu navegador d'Internet. A continuaci\u00f3, li expliquem com pot gestionar les galetes al seu ordinador per mitj\u00e0 dels principals navegadors. Si voleu informaci\u00f3 sobre com gestionar cookies al seu tableta i \/ o m\u00f2bil, consulteu la seva documentaci\u00f3 o fitxers d'ajuda en l\u00ednia.<\/p>\n<p>Google Chrome<br \/>\nAl men\u00fa de configuraci\u00f3, selecciona 'mostrar configuraci\u00f3 avan\u00e7ada' a la part inferior de la p\u00e0gina.<br \/>\nSelecciona la tecla de 'configuraci\u00f3 de contingut' a la secci\u00f3 de privacitat<br \/>\nLa secci\u00f3 de la part superior de la p\u00e0gina que apareix li d\u00f3na informaci\u00f3 sobre les cookies i li permet fixar les galetes que vulgui. Tamb\u00e9 li permet esborrar qualsevol galeta que tingui emmagatzemada en aquest moment.<\/p>\n<p>Mozilla Firefox<br \/>\nAl men\u00fa d'eines, seleccioneu 'opcions'.<br \/>\nSeleccioneu l'etiqueta de privacitat en el requadre d'opcions.<br \/>\nDe men\u00fa desplegable esculli 'usar configuraci\u00f3 personalitzada per l'historial'. Aix\u00f2 mostrar\u00e0 les opcions de galetes i podr\u00e0 optar per activar-les o desactivar-les marcant la casella corresponent.<\/p>\n<p>Internet Explorer 6+<br \/>\nAl men\u00fa d'eines, seleccioneu 'Opcions d'Internet'.<br \/>\nFeu clic a la pestanya de privacitat.<br \/>\nVeureu un cursor de despla\u00e7ament per configurar la privacitat que t\u00e9 sis posicions que li permeten controlar la quantitat de galetes que s'instal\u00b7laran: Bloqueja totes les galetes, Alta, Mitjana Alt, Mitja (nivell per defecte), Baixa, i Accepta totes les galetes.<\/p>\n<p>safari browser<br \/>\nAl men\u00fa de configuraci\u00f3, seleccioneu l'opci\u00f3 de 'prefer\u00e8ncies'.<br \/>\nObriu la pestanya de privacitat.<br \/>\nSeleccioneu l'opci\u00f3 que vulgui de la secci\u00f3 de 'bloquejar cookies'.<\/p>\n<p>Tots els altres navegadors<br \/>\nPer obtenir informaci\u00f3 sobre com gestionar les galetes per mitj\u00e0 d'altres navegadors, si us plau, consulteu la seva documentaci\u00f3 o fitxers d'ajuda en l\u00ednia.<\/p>\n<p><strong>Com desactivar \/ activar les galetes de tercers?<\/strong><\/p>\n<p>Les galetes de tercers no les instal\u00b7lem nosaltres. Per tant, suggerim que miri en els llocs web d'aquests tercers per obtenir informaci\u00f3<\/p>\n","protected":false},"excerpt":{"rendered":"<p>AV\u00cdS LEGAL DE WWW.BIOKATAL.COM Informaci\u00f3 b\u00e0sica sobre Protecci\u00f3 de Dades Responsable Cygyc Biocon, S.L. Finalitat Gestionar les consultes rebudes per contactar amb l'usuari.\u00a0 Legitimaci\u00f3 Consentiment del interessat en l'acceptaci\u00f3 de la pol\u00edtica de privacitat.\u00a0 Procedencia Dades introdu\u00efdes en qualsevol formulari de contacte i\/o correus electr\u00f2nics. Destinataris Encarregats del tractament amb seu a Espanya.\u00a0 Drets Accedir, rectificar i suprimir les dades&nbsp;<a href=\"https:\/\/biokatal.com\/ca\/avis-legal\/\" class=\"read-more\"> ... <\/a><\/p>\n","protected":false},"author":1,"featured_media":0,"parent":0,"menu_order":10,"comment_status":"closed","ping_status":"closed","template":"page-fullwidth.php","meta":{"_acf_changed":false,"footnotes":""},"class_list":["post-3602","page","type-page","status-publish","hentry"],"acf":[],"yoast_head":"<!-- This site is optimized with the Yoast SEO plugin v24.2 - https:\/\/yoast.com\/wordpress\/plugins\/seo\/ -->\n<title>AV\u00cdS LEGAL - Biokatal<\/title>\n<meta name=\"robots\" content=\"index, follow, max-snippet:-1, max-image-preview:large, max-video-preview:-1\" \/>\n<link rel=\"canonical\" href=\"https:\/\/biokatal.com\/ca\/avis-legal\/\" \/>\n<meta property=\"og:locale\" content=\"ca_ES\" \/>\n<meta property=\"og:type\" content=\"article\" \/>\n<meta property=\"og:title\" content=\"AV\u00cdS LEGAL - Biokatal\" \/>\n<meta property=\"og:description\" content=\"AV\u00cdS LEGAL DE WWW.BIOKATAL.COM Informaci\u00f3 b\u00e0sica sobre Protecci\u00f3 de Dades Responsable Cygyc Biocon, S.L. Finalitat Gestionar les consultes rebudes per contactar amb l&#039;usuari.\u00a0 Legitimaci\u00f3 Consentiment del interessat en l&#039;acceptaci\u00f3 de la pol\u00edtica de privacitat.\u00a0 Procedencia Dades introdu\u00efdes en qualsevol formulari de contacte i\/o correus electr\u00f2nics. Destinataris Encarregats del tractament amb seu a Espanya.\u00a0 Drets Accedir, rectificar i suprimir les dades&nbsp; ...\" \/>\n<meta property=\"og:url\" content=\"https:\/\/biokatal.com\/ca\/avis-legal\/\" \/>\n<meta property=\"og:site_name\" content=\"Biokatal\" \/>\n<meta property=\"article:modified_time\" content=\"2020-12-02T19:09:03+00:00\" \/>\n<meta name=\"twitter:card\" content=\"summary_large_image\" \/>\n<meta name=\"twitter:label1\" content=\"Temps estimat de lectura\" \/>\n\t<meta name=\"twitter:data1\" content=\"10 minuts\" \/>\n<script type=\"application\/ld+json\" class=\"yoast-schema-graph\">{\"@context\":\"https:\/\/schema.org\",\"@graph\":[{\"@type\":\"WebPage\",\"@id\":\"https:\/\/biokatal.com\/ca\/avis-legal\/\",\"url\":\"https:\/\/biokatal.com\/ca\/avis-legal\/\",\"name\":\"AV\u00cdS LEGAL - Biokatal\",\"isPartOf\":{\"@id\":\"http:\/\/biokatal.com\/#website\"},\"datePublished\":\"2015-07-31T16:52:14+00:00\",\"dateModified\":\"2020-12-02T19:09:03+00:00\",\"breadcrumb\":{\"@id\":\"https:\/\/biokatal.com\/ca\/avis-legal\/#breadcrumb\"},\"inLanguage\":\"ca\",\"potentialAction\":[{\"@type\":\"ReadAction\",\"target\":[\"https:\/\/biokatal.com\/ca\/avis-legal\/\"]}]},{\"@type\":\"BreadcrumbList\",\"@id\":\"https:\/\/biokatal.com\/ca\/avis-legal\/#breadcrumb\",\"itemListElement\":[{\"@type\":\"ListItem\",\"position\":1,\"name\":\"Portada\",\"item\":\"https:\/\/biokatal.com\/ca\/\"},{\"@type\":\"ListItem\",\"position\":2,\"name\":\"AV\u00cdS LEGAL\"}]},{\"@type\":\"WebSite\",\"@id\":\"http:\/\/biokatal.com\/#website\",\"url\":\"http:\/\/biokatal.com\/\",\"name\":\"Biokatal\",\"description\":\"Biokatal descripcion\",\"potentialAction\":[{\"@type\":\"SearchAction\",\"target\":{\"@type\":\"EntryPoint\",\"urlTemplate\":\"http:\/\/biokatal.com\/?s={search_term_string}\"},\"query-input\":{\"@type\":\"PropertyValueSpecification\",\"valueRequired\":true,\"valueName\":\"search_term_string\"}}],\"inLanguage\":\"ca\"}]}<\/script>\n<!-- \/ Yoast SEO plugin. -->","yoast_head_json":{"title":"AV\u00cdS LEGAL - Biokatal","robots":{"index":"index","follow":"follow","max-snippet":"max-snippet:-1","max-image-preview":"max-image-preview:large","max-video-preview":"max-video-preview:-1"},"canonical":"https:\/\/biokatal.com\/ca\/avis-legal\/","og_locale":"ca_ES","og_type":"article","og_title":"AV\u00cdS LEGAL - Biokatal","og_description":"AV\u00cdS LEGAL DE WWW.BIOKATAL.COM Informaci\u00f3 b\u00e0sica sobre Protecci\u00f3 de Dades Responsable Cygyc Biocon, S.L. Finalitat Gestionar les consultes rebudes per contactar amb l'usuari.\u00a0 Legitimaci\u00f3 Consentiment del interessat en l'acceptaci\u00f3 de la pol\u00edtica de privacitat.\u00a0 Procedencia Dades introdu\u00efdes en qualsevol formulari de contacte i\/o correus electr\u00f2nics. Destinataris Encarregats del tractament amb seu a Espanya.\u00a0 Drets Accedir, rectificar i suprimir les dades&nbsp; ...","og_url":"https:\/\/biokatal.com\/ca\/avis-legal\/","og_site_name":"Biokatal","article_modified_time":"2020-12-02T19:09:03+00:00","twitter_card":"summary_large_image","twitter_misc":{"Temps estimat de lectura":"10 minuts"},"schema":{"@context":"https:\/\/schema.org","@graph":[{"@type":"WebPage","@id":"https:\/\/biokatal.com\/ca\/avis-legal\/","url":"https:\/\/biokatal.com\/ca\/avis-legal\/","name":"AV\u00cdS LEGAL - Biokatal","isPartOf":{"@id":"http:\/\/biokatal.com\/#website"},"datePublished":"2015-07-31T16:52:14+00:00","dateModified":"2020-12-02T19:09:03+00:00","breadcrumb":{"@id":"https:\/\/biokatal.com\/ca\/avis-legal\/#breadcrumb"},"inLanguage":"ca","potentialAction":[{"@type":"ReadAction","target":["https:\/\/biokatal.com\/ca\/avis-legal\/"]}]},{"@type":"BreadcrumbList","@id":"https:\/\/biokatal.com\/ca\/avis-legal\/#breadcrumb","itemListElement":[{"@type":"ListItem","position":1,"name":"Portada","item":"https:\/\/biokatal.com\/ca\/"},{"@type":"ListItem","position":2,"name":"AV\u00cdS LEGAL"}]},{"@type":"WebSite","@id":"http:\/\/biokatal.com\/#website","url":"http:\/\/biokatal.com\/","name":"Biokatal","description":"Biokatal descripcion","potentialAction":[{"@type":"SearchAction","target":{"@type":"EntryPoint","urlTemplate":"http:\/\/biokatal.com\/?s={search_term_string}"},"query-input":{"@type":"PropertyValueSpecification","valueRequired":true,"valueName":"search_term_string"}}],"inLanguage":"ca"}]}},"_links":{"self":[{"href":"https:\/\/biokatal.com\/ca\/wp-json\/wp\/v2\/pages\/3602","targetHints":{"allow":["GET"]}}],"collection":[{"href":"https:\/\/biokatal.com\/ca\/wp-json\/wp\/v2\/pages"}],"about":[{"href":"https:\/\/biokatal.com\/ca\/wp-json\/wp\/v2\/types\/page"}],"author":[{"embeddable":true,"href":"https:\/\/biokatal.com\/ca\/wp-json\/wp\/v2\/users\/1"}],"replies":[{"embeddable":true,"href":"https:\/\/biokatal.com\/ca\/wp-json\/wp\/v2\/comments?post=3602"}],"version-history":[{"count":21,"href":"https:\/\/biokatal.com\/ca\/wp-json\/wp\/v2\/pages\/3602\/revisions"}],"predecessor-version":[{"id":6290,"href":"https:\/\/biokatal.com\/ca\/wp-json\/wp\/v2\/pages\/3602\/revisions\/6290"}],"wp:attachment":[{"href":"https:\/\/biokatal.com\/ca\/wp-json\/wp\/v2\/media?parent=3602"}],"curies":[{"name":"wp","href":"https:\/\/api.w.org\/{rel}","templated":true}]}}