{"id":3552,"date":"2011-07-14T19:47:05","date_gmt":"2011-07-14T19:47:05","guid":{"rendered":"http:\/\/localhost\/biocon42\/ca\/?page_id=3552"},"modified":"2019-12-18T15:26:37","modified_gmt":"2019-12-18T15:26:37","slug":"contacte","status":"publish","type":"page","link":"https:\/\/biokatal.com\/ca\/contacte\/","title":{"rendered":"CONTACTE"},"content":{"rendered":"<div class=\"row contacto\">\n<div class=\"span3 \"><h2>DADES DE CONTACTE<\/h2>\n<div class=\"phone green-phone\">+34 93 849 34 55 \/ FAX +34 93 849 16 39<\/div>\n<div class=\"mail green-mail\"><a href=\"mailto:info@biokatal.com\">info@biokatal.com<\/a><\/div>\n<div class=\"direccion green-location\">\n<p>C\/ B\u00e8lgica n\u00ba 5, Pol. Ind. Pla de Llerona<br \/>\n08520 Les Franqueses del Vall\u00e8s, Barcelona, Espanya<\/p>\n<\/div><\/div>\n<div class=\"span9 \"><div class=\"google-map\"><iframe loading=\"lazy\" src=\"https:\/\/www.google.com\/maps\/embed?pb=!1m14!1m8!1m3!1d47701.03753197763!2d2.294612!3d41.648939!3m2!1i1024!2i768!4f13.1!3m3!1m2!1s0x12a4c610f0617db5%3A0xf120da26e15ecfd!2sCarrer+de+B%C3%A8lgica%2C+5%2C+08520%2C+Barcelona%2C+Espa%C3%B1a!5e0!3m2!1ses!2ses!4v1465552248489\" frameborder=\"0\" width=\"100%\" height=\"370\" marginwidth=\"0\" marginheight=\"0\" scrolling=\"no\"><\/iframe><\/div><\/div>\n<div class=\"span9 pull-right contact-form-container\">\n<h2>ENVIA'NS UN MISSATGE<\/h2>\n\n<div class=\"wpcf7 no-js\" id=\"wpcf7-f3208-o1\" lang=\"en-US\" dir=\"ltr\" data-wpcf7-id=\"3208\">\n<div class=\"screen-reader-response\"><p role=\"status\" aria-live=\"polite\" aria-atomic=\"true\"><\/p> <ul><\/ul><\/div>\n<form action=\"\/ca\/wp-json\/wp\/v2\/pages\/3552#wpcf7-f3208-o1\" method=\"post\" class=\"wpcf7-form init\" aria-label=\"Contact form\" novalidate=\"novalidate\" data-status=\"init\">\n<div style=\"display: none;\">\n<input type=\"hidden\" name=\"_wpcf7\" value=\"3208\" \/>\n<input type=\"hidden\" name=\"_wpcf7_version\" value=\"6.0.2\" \/>\n<input type=\"hidden\" name=\"_wpcf7_locale\" value=\"en_US\" \/>\n<input type=\"hidden\" name=\"_wpcf7_unit_tag\" value=\"wpcf7-f3208-o1\" \/>\n<input type=\"hidden\" name=\"_wpcf7_container_post\" value=\"0\" \/>\n<input type=\"hidden\" name=\"_wpcf7_posted_data_hash\" value=\"\" \/>\n<input type=\"hidden\" name=\"_wpcf7_recaptcha_response\" value=\"\" \/>\n<\/div>\n<div class=\"row-fluid\">\n\t<div class=\"span6\">\n\t\t<p class=\"field\"><span class=\"wpcf7-form-control-wrap\" data-name=\"your-name\"><input size=\"40\" maxlength=\"400\" class=\"wpcf7-form-control wpcf7-text wpcf7-validates-as-required\" aria-required=\"true\" aria-invalid=\"false\" placeholder=\"Nom:*\" value=\"\" type=\"text\" name=\"your-name\" \/><\/span>\n\t\t<\/p>\n\t<\/div>\n\t<div class=\"span6\">\n\t\t<p class=\"field\"><span class=\"wpcf7-form-control-wrap\" data-name=\"your-company\"><input size=\"40\" maxlength=\"400\" class=\"wpcf7-form-control wpcf7-text\" aria-invalid=\"false\" placeholder=\"Empresa:\" value=\"\" type=\"text\" name=\"your-company\" \/><\/span>\n\t\t<\/p>\n\t<\/div>\n<\/div>\n<div class=\"row-fluid\">\n\t<div class=\"span6\">\n\t\t<p class=\"field\"><span class=\"wpcf7-form-control-wrap\" data-name=\"your-mail\"><input size=\"40\" maxlength=\"400\" class=\"wpcf7-form-control wpcf7-email wpcf7-validates-as-required wpcf7-text wpcf7-validates-as-email\" aria-required=\"true\" aria-invalid=\"false\" placeholder=\"E-mail:*\" value=\"\" type=\"email\" name=\"your-mail\" \/><\/span>\n\t\t<\/p>\n\t<\/div>\n\t<div class=\"span6\">\n\t\t<p class=\"field\"><span class=\"wpcf7-form-control-wrap\" data-name=\"your-phone\"><input size=\"40\" maxlength=\"400\" class=\"wpcf7-form-control wpcf7-tel wpcf7-validates-as-required wpcf7-text wpcf7-validates-as-tel\" aria-required=\"true\" aria-invalid=\"false\" placeholder=\"Tel\u00e8fon:*\" value=\"\" type=\"tel\" name=\"your-phone\" \/><\/span>\n\t\t<\/p>\n\t<\/div>\n<\/div>\n<p class=\"field\"><span class=\"wpcf7-form-control-wrap\" data-name=\"your-message\"><textarea cols=\"40\" rows=\"10\" maxlength=\"2000\" class=\"wpcf7-form-control wpcf7-textarea wpcf7-validates-as-required\" aria-required=\"true\" aria-invalid=\"false\" placeholder=\"Missatge:*\" name=\"your-message\"><\/textarea><\/span>\n<\/p>\n<p><span class=\"wpcf7-form-control-wrap\" data-name=\"acceptPrivacyPolicy\"><span class=\"wpcf7-form-control wpcf7-acceptance\"><span class=\"wpcf7-list-item\"><label><input type=\"checkbox\" name=\"acceptPrivacyPolicy\" value=\"1\" aria-invalid=\"false\" \/><span class=\"wpcf7-list-item-label\">He le\u00eddo, entiendo y acepto la <a href=\"\/aviso-legal\" style=\"color:#b9e6bd\">pol\u00edtica de privacidad<\/a><\/span><\/label><\/span><\/span><\/span><br \/>\n<span class=\"wpcf7-form-control-wrap\" data-name=\"newsletter\"><span class=\"wpcf7-form-control wpcf7-checkbox\"><span class=\"wpcf7-list-item first last\"><label><input type=\"checkbox\" name=\"newsletter[]\" value=\"Marcando la casilla, nos autoriza a poderle mandar newsletters informativas.\" \/><span class=\"wpcf7-list-item-label\">Marcando la casilla, nos autoriza a poderle mandar newsletters informativas.<\/span><\/label><\/span><\/span><\/span>\n<\/p>\n<p class=\"submit-wrap\"><input class=\"wpcf7-form-control wpcf7-submit has-spinner btn btn-primary\" type=\"submit\" value=\"Enviar\" \/>\n<\/p><div class=\"wpcf7-response-output\" aria-hidden=\"true\"><\/div>\n<\/form>\n<\/div>\n\n<table style=\"margin-top: 50px;\" border=\"1\" cellspacing=\"0\" cellpadding=\"0\">\n<tbody>\n<tr>\n<td style=\"vertical-align: middle;\" colspan=\"2\" width=\"585\">\n<h4 style=\"margin: 10px;\" align=\"center\"><strong><a style=\"color: #777;\" href=\"\/ca\/avis-legal\/\">Informaci\u00f3n b\u00e1sica sobre Protecci\u00f3n de Datos<\/a><\/strong><\/h4>\n<\/td>\n<\/tr>\n<tr>\n<td style=\"vertical-align: middle;\" width=\"154\">\n<p style=\"margin: 0;\" align=\"center\"><strong>Responsable<\/strong><\/p>\n<\/td>\n<td style=\"vertical-align: middle;\" width=\"430\">\n<p style=\"margin: 10px;\">Cygyc Biocon, S.L.<\/p>\n<\/td>\n<\/tr>\n<tr>\n<td style=\"vertical-align: middle;\" width=\"154\">\n<p style=\"margin: 0;\" align=\"center\"><strong>Finalidad<\/strong><\/p>\n<\/td>\n<td style=\"vertical-align: middle;\" width=\"430\">\n<p style=\"margin: 10px;\">Gestionar las consultas recibidas para contactar con el usuario.<\/p>\n<\/td>\n<\/tr>\n<tr>\n<td style=\"vertical-align: middle;\" width=\"154\">\n<p style=\"margin: 0;\" align=\"center\"><strong>Legitimaci\u00f3n<\/strong><\/p>\n<\/td>\n<td style=\"vertical-align: middle;\" width=\"430\">\n<p style=\"margin: 10px;\">Consentimiento del interesado en la aceptaci\u00f3n de la pol\u00edtica de privacidad.<\/p>\n<\/td>\n<\/tr>\n<tr>\n<td style=\"vertical-align: middle;\" width=\"154\">\n<p style=\"margin: 0;\" align=\"center\"><strong>Procedencia<\/strong><\/p>\n<\/td>\n<td style=\"vertical-align: middle;\" width=\"430\">\n<p style=\"margin: 10px;\">Datos introducidos en cualquier formulario de contacto y\/o correos electr\u00f3nicos.<\/p>\n<\/td>\n<\/tr>\n<tr>\n<td style=\"vertical-align: middle;\" width=\"154\">\n<p style=\"margin: 0;\" align=\"center\"><strong>Destinatarios<\/strong><\/p>\n<\/td>\n<td style=\"vertical-align: middle;\" width=\"430\">\n<p style=\"margin: 10px;\">Encargados del tratamiento con sede en Espa\u00f1a.<\/p>\n<\/td>\n<\/tr>\n<tr>\n<td style=\"vertical-align: middle;\" width=\"154\">\n<p style=\"margin: 0;\" align=\"center\"><strong>Derechos<\/strong><\/p>\n<\/td>\n<td style=\"vertical-align: middle;\" width=\"430\">\n<p style=\"margin: 10px;\">Acceder, rectificar y suprimir los datos, as\u00ed como otros derechos, como se explica en el correspondiente apartado.<\/p>\n<\/td>\n<\/tr>\n<tr>\n<td style=\"vertical-align: middle;\" width=\"154\">\n<p style=\"margin: 0;\" align=\"center\"><strong>Pol\u00edtica de cookies<\/strong><\/p>\n<\/td>\n<td style=\"vertical-align: middle;\" width=\"430\">\n<p style=\"margin: 10px;\">Se utilizan cookies estad\u00edsticas.<\/p>\n<\/td>\n<\/tr>\n<tr>\n<td style=\"vertical-align: middle;\" width=\"154\">\n<p style=\"margin: 0;\" align=\"center\"><strong>Informaci\u00f3n adicional<\/strong><\/p>\n<\/td>\n<td style=\"vertical-align: middle;\" width=\"430\">\n<p style=\"margin: 10px;\">Puede consultar la informaci\u00f3n adicional y detallada sobre Protecci\u00f3n de Datos en el desglose de apartados que le<br \/>\npresentamos a continuaci\u00f3n (segunda capa informativa).<\/p>\n<\/td>\n<\/tr>\n<\/tbody>\n<\/table>\n<\/div>\n<\/div>\n","protected":false},"excerpt":{"rendered":"<p>ENVIA'NS UN MISSATGE Informaci\u00f3n b\u00e1sica sobre Protecci\u00f3n de Datos Responsable Cygyc Biocon, S.L. Finalidad Gestionar las consultas recibidas para contactar con el usuario. Legitimaci\u00f3n Consentimiento del interesado en la aceptaci\u00f3n de la pol\u00edtica de privacidad. Procedencia Datos introducidos en cualquier formulario de contacto y\/o correos electr\u00f3nicos. Destinatarios Encargados del tratamiento con sede en Espa\u00f1a. Derechos Acceder, rectificar y suprimir los&nbsp;<a href=\"https:\/\/biokatal.com\/ca\/contacte\/\" class=\"read-more\"> ... <\/a><\/p>\n","protected":false},"author":1,"featured_media":0,"parent":0,"menu_order":6,"comment_status":"closed","ping_status":"closed","template":"page-contact.php","meta":{"_acf_changed":false,"footnotes":""},"class_list":["post-3552","page","type-page","status-publish","hentry"],"acf":[],"yoast_head":"<!-- This site is optimized with the Yoast SEO plugin v24.2 - https:\/\/yoast.com\/wordpress\/plugins\/seo\/ -->\n<title>CONTACTE - Biokatal<\/title>\n<meta name=\"robots\" content=\"index, follow, max-snippet:-1, max-image-preview:large, max-video-preview:-1\" \/>\n<link rel=\"canonical\" href=\"http:\/\/biokatal.com\/ca\/contacte\/\" \/>\n<meta property=\"og:locale\" content=\"ca_ES\" \/>\n<meta property=\"og:type\" content=\"article\" \/>\n<meta property=\"og:title\" content=\"CONTACTE - Biokatal\" \/>\n<meta property=\"og:description\" content=\"ENVIA&#039;NS UN MISSATGE Informaci\u00f3n b\u00e1sica sobre Protecci\u00f3n de Datos Responsable Cygyc Biocon, S.L. Finalidad Gestionar las consultas recibidas para contactar con el usuario. Legitimaci\u00f3n Consentimiento del interesado en la aceptaci\u00f3n de la pol\u00edtica de privacidad. Procedencia Datos introducidos en cualquier formulario de contacto y\/o correos electr\u00f3nicos. Destinatarios Encargados del tratamiento con sede en Espa\u00f1a. Derechos Acceder, rectificar y suprimir los&nbsp; ...\" \/>\n<meta property=\"og:url\" content=\"http:\/\/biokatal.com\/ca\/contacte\/\" \/>\n<meta property=\"og:site_name\" content=\"Biokatal\" \/>\n<meta property=\"article:modified_time\" content=\"2019-12-18T15:26:37+00:00\" \/>\n<meta name=\"twitter:card\" content=\"summary_large_image\" \/>\n<meta name=\"twitter:label1\" content=\"Temps estimat de lectura\" \/>\n\t<meta name=\"twitter:data1\" content=\"1 minut\" \/>\n<script type=\"application\/ld+json\" class=\"yoast-schema-graph\">{\"@context\":\"https:\/\/schema.org\",\"@graph\":[{\"@type\":\"WebPage\",\"@id\":\"http:\/\/biokatal.com\/ca\/contacte\/\",\"url\":\"http:\/\/biokatal.com\/ca\/contacte\/\",\"name\":\"CONTACTE - Biokatal\",\"isPartOf\":{\"@id\":\"http:\/\/biokatal.com\/#website\"},\"datePublished\":\"2011-07-14T19:47:05+00:00\",\"dateModified\":\"2019-12-18T15:26:37+00:00\",\"breadcrumb\":{\"@id\":\"http:\/\/biokatal.com\/ca\/contacte\/#breadcrumb\"},\"inLanguage\":\"ca\",\"potentialAction\":[{\"@type\":\"ReadAction\",\"target\":[\"http:\/\/biokatal.com\/ca\/contacte\/\"]}]},{\"@type\":\"BreadcrumbList\",\"@id\":\"http:\/\/biokatal.com\/ca\/contacte\/#breadcrumb\",\"itemListElement\":[{\"@type\":\"ListItem\",\"position\":1,\"name\":\"Portada\",\"item\":\"https:\/\/biokatal.com\/ca\/\"},{\"@type\":\"ListItem\",\"position\":2,\"name\":\"CONTACTE\"}]},{\"@type\":\"WebSite\",\"@id\":\"http:\/\/biokatal.com\/#website\",\"url\":\"http:\/\/biokatal.com\/\",\"name\":\"Biokatal\",\"description\":\"Biokatal descripcion\",\"potentialAction\":[{\"@type\":\"SearchAction\",\"target\":{\"@type\":\"EntryPoint\",\"urlTemplate\":\"http:\/\/biokatal.com\/?s={search_term_string}\"},\"query-input\":{\"@type\":\"PropertyValueSpecification\",\"valueRequired\":true,\"valueName\":\"search_term_string\"}}],\"inLanguage\":\"ca\"}]}<\/script>\n<!-- \/ Yoast SEO plugin. -->","yoast_head_json":{"title":"CONTACTE - Biokatal","robots":{"index":"index","follow":"follow","max-snippet":"max-snippet:-1","max-image-preview":"max-image-preview:large","max-video-preview":"max-video-preview:-1"},"canonical":"http:\/\/biokatal.com\/ca\/contacte\/","og_locale":"ca_ES","og_type":"article","og_title":"CONTACTE - Biokatal","og_description":"ENVIA'NS UN MISSATGE Informaci\u00f3n b\u00e1sica sobre Protecci\u00f3n de Datos Responsable Cygyc Biocon, S.L. Finalidad Gestionar las consultas recibidas para contactar con el usuario. Legitimaci\u00f3n Consentimiento del interesado en la aceptaci\u00f3n de la pol\u00edtica de privacidad. Procedencia Datos introducidos en cualquier formulario de contacto y\/o correos electr\u00f3nicos. Destinatarios Encargados del tratamiento con sede en Espa\u00f1a. Derechos Acceder, rectificar y suprimir los&nbsp; ...","og_url":"http:\/\/biokatal.com\/ca\/contacte\/","og_site_name":"Biokatal","article_modified_time":"2019-12-18T15:26:37+00:00","twitter_card":"summary_large_image","twitter_misc":{"Temps estimat de lectura":"1 minut"},"schema":{"@context":"https:\/\/schema.org","@graph":[{"@type":"WebPage","@id":"http:\/\/biokatal.com\/ca\/contacte\/","url":"http:\/\/biokatal.com\/ca\/contacte\/","name":"CONTACTE - Biokatal","isPartOf":{"@id":"http:\/\/biokatal.com\/#website"},"datePublished":"2011-07-14T19:47:05+00:00","dateModified":"2019-12-18T15:26:37+00:00","breadcrumb":{"@id":"http:\/\/biokatal.com\/ca\/contacte\/#breadcrumb"},"inLanguage":"ca","potentialAction":[{"@type":"ReadAction","target":["http:\/\/biokatal.com\/ca\/contacte\/"]}]},{"@type":"BreadcrumbList","@id":"http:\/\/biokatal.com\/ca\/contacte\/#breadcrumb","itemListElement":[{"@type":"ListItem","position":1,"name":"Portada","item":"https:\/\/biokatal.com\/ca\/"},{"@type":"ListItem","position":2,"name":"CONTACTE"}]},{"@type":"WebSite","@id":"http:\/\/biokatal.com\/#website","url":"http:\/\/biokatal.com\/","name":"Biokatal","description":"Biokatal descripcion","potentialAction":[{"@type":"SearchAction","target":{"@type":"EntryPoint","urlTemplate":"http:\/\/biokatal.com\/?s={search_term_string}"},"query-input":{"@type":"PropertyValueSpecification","valueRequired":true,"valueName":"search_term_string"}}],"inLanguage":"ca"}]}},"_links":{"self":[{"href":"https:\/\/biokatal.com\/ca\/wp-json\/wp\/v2\/pages\/3552","targetHints":{"allow":["GET"]}}],"collection":[{"href":"https:\/\/biokatal.com\/ca\/wp-json\/wp\/v2\/pages"}],"about":[{"href":"https:\/\/biokatal.com\/ca\/wp-json\/wp\/v2\/types\/page"}],"author":[{"embeddable":true,"href":"https:\/\/biokatal.com\/ca\/wp-json\/wp\/v2\/users\/1"}],"replies":[{"embeddable":true,"href":"https:\/\/biokatal.com\/ca\/wp-json\/wp\/v2\/comments?post=3552"}],"version-history":[{"count":16,"href":"https:\/\/biokatal.com\/ca\/wp-json\/wp\/v2\/pages\/3552\/revisions"}],"predecessor-version":[{"id":6205,"href":"https:\/\/biokatal.com\/ca\/wp-json\/wp\/v2\/pages\/3552\/revisions\/6205"}],"wp:attachment":[{"href":"https:\/\/biokatal.com\/ca\/wp-json\/wp\/v2\/media?parent=3552"}],"curies":[{"name":"wp","href":"https:\/\/api.w.org\/{rel}","templated":true}]}}