{"id":3574,"date":"2012-01-18T17:03:20","date_gmt":"2012-01-18T17:03:20","guid":{"rendered":"http:\/\/biokatal.com\/ca\/empresa\/quienes-somos\/"},"modified":"2019-12-18T17:01:05","modified_gmt":"2019-12-18T17:01:05","slug":"qui-som","status":"publish","type":"page","link":"http:\/\/biokatal.com\/ca\/empresa\/qui-som\/","title":{"rendered":"QUI SOM"},"content":{"rendered":"<h1>BIOKATAL Nature in action<\/h1>\n<p>BIOKATAL, \u00e9s una marca de <strong>CYGYC BIOCON S.L.<\/strong>, empresa resultant de la fusi\u00f3 entre les empreses vinculades <strong>CYGYC INDUSTRIA QUIMICA, S.A.<\/strong> I <strong>BIOCON ESPA\u00d1OLA, S.A.<\/strong>, l\u00edders en la fabricaci\u00f3 i subministrament d\u2019especialitats qu\u00edmiques.<\/p>\n<p>El projecte <strong>BIOKATAL<\/strong> neix de la necessitat d\u2019aplicar solucions tecnol\u00f2giques alternatives a les propostes qu\u00edmiques cl\u00e0ssiques dins el m\u00f3n de la deterg\u00e8ncia, en el sentit de potenciar la preservaci\u00f3 mediambiental a partir de recursos sostenibles, de baixa perillositat i m\u00ednim impacte ecol\u00f2gic.<\/p>\n<p>La divisi\u00f3 <strong>BIOKATAL<\/strong> de <strong>CYGYC BIOCON, S.L.<\/strong>, posa la \u201cNatura En Acci\u00f3\u201d per a fer possibles i eficients els projectes industrials dels seus clients, substituint totalment o parcial les solucions qu\u00edmiques tradicionals, amb l\u2019\u00fas d\u2019enzims tecnol\u00f2gicament avan\u00e7ats i microorganismes.<\/p>\n<p>Aquesta tecnologia innovadora per a una industria productiva i menys contaminant, at\u00e9n les aspiracions d\u2019una nova societat cada cop m\u00e9s exigent pel que fa refer\u00e8ncia a la preservaci\u00f3 del planeta.<\/p>\n<p><img decoding=\"async\" class=\"alignnone size-full wp-image-4690\" src=\"http:\/\/biokatal.com\/wp-content\/uploads\/2012\/01\/Biokatal_01_baixa.jpg\" alt=\"Biokatal_01_baixa\" width=\"500\" srcset=\"http:\/\/biokatal.com\/wp-content\/uploads\/2012\/01\/Biokatal_01_baixa.jpg 2176w, http:\/\/biokatal.com\/wp-content\/uploads\/2012\/01\/Biokatal_01_baixa-300x225.jpg 300w, http:\/\/biokatal.com\/wp-content\/uploads\/2012\/01\/Biokatal_01_baixa-768x576.jpg 768w, http:\/\/biokatal.com\/wp-content\/uploads\/2012\/01\/Biokatal_01_baixa-1024x768.jpg 1024w, http:\/\/biokatal.com\/wp-content\/uploads\/2012\/01\/Biokatal_01_baixa-200x150.jpg 200w\" sizes=\"(max-width: 2176px) 100vw, 2176px\" \/><\/p>\n","protected":false},"excerpt":{"rendered":"<p>BIOKATAL Nature in action BIOKATAL, \u00e9s una marca de CYGYC BIOCON S.L., empresa resultant de la fusi\u00f3 entre les empreses vinculades CYGYC INDUSTRIA QUIMICA, S.A. I BIOCON ESPA\u00d1OLA, S.A., l\u00edders en la fabricaci\u00f3 i subministrament d\u2019especialitats qu\u00edmiques. El projecte BIOKATAL neix de la necessitat d\u2019aplicar solucions tecnol\u00f2giques alternatives a les propostes qu\u00edmiques cl\u00e0ssiques dins el m\u00f3n de la deterg\u00e8ncia, en&nbsp;<a href=\"http:\/\/biokatal.com\/ca\/empresa\/qui-som\/\" class=\"read-more\"> ... <\/a><\/p>\n","protected":false},"author":1,"featured_media":0,"parent":3556,"menu_order":0,"comment_status":"closed","ping_status":"closed","template":"page-about.php","meta":{"_acf_changed":false,"footnotes":""},"class_list":["post-3574","page","type-page","status-publish","hentry"],"acf":[],"yoast_head":"<!-- This site is optimized with the Yoast SEO plugin v24.2 - https:\/\/yoast.com\/wordpress\/plugins\/seo\/ -->\n<title>QUI SOM - Biokatal<\/title>\n<meta name=\"robots\" content=\"index, follow, max-snippet:-1, max-image-preview:large, max-video-preview:-1\" \/>\n<link rel=\"canonical\" href=\"http:\/\/biokatal.com\/ca\/empresa\/qui-som\/\" \/>\n<meta property=\"og:locale\" content=\"ca_ES\" \/>\n<meta property=\"og:type\" content=\"article\" \/>\n<meta property=\"og:title\" content=\"QUI SOM - Biokatal\" \/>\n<meta property=\"og:description\" content=\"BIOKATAL Nature in action BIOKATAL, \u00e9s una marca de CYGYC BIOCON S.L., empresa resultant de la fusi\u00f3 entre les empreses vinculades CYGYC INDUSTRIA QUIMICA, S.A. I BIOCON ESPA\u00d1OLA, S.A., l\u00edders en la fabricaci\u00f3 i subministrament d\u2019especialitats qu\u00edmiques. El projecte BIOKATAL neix de la necessitat d\u2019aplicar solucions tecnol\u00f2giques alternatives a les propostes qu\u00edmiques cl\u00e0ssiques dins el m\u00f3n de la deterg\u00e8ncia, en&nbsp; ...\" \/>\n<meta property=\"og:url\" content=\"http:\/\/biokatal.com\/ca\/empresa\/qui-som\/\" \/>\n<meta property=\"og:site_name\" content=\"Biokatal\" \/>\n<meta property=\"article:modified_time\" content=\"2019-12-18T17:01:05+00:00\" \/>\n<meta property=\"og:image\" content=\"http:\/\/biokatal.com\/wp-content\/uploads\/2012\/01\/Biokatal_01_baixa.jpg\" \/>\n<meta name=\"twitter:card\" content=\"summary_large_image\" \/>\n<meta name=\"twitter:label1\" content=\"Temps estimat de lectura\" \/>\n\t<meta name=\"twitter:data1\" content=\"1 minut\" \/>\n<script type=\"application\/ld+json\" class=\"yoast-schema-graph\">{\"@context\":\"https:\/\/schema.org\",\"@graph\":[{\"@type\":\"WebPage\",\"@id\":\"http:\/\/biokatal.com\/ca\/empresa\/qui-som\/\",\"url\":\"http:\/\/biokatal.com\/ca\/empresa\/qui-som\/\",\"name\":\"QUI SOM - Biokatal\",\"isPartOf\":{\"@id\":\"http:\/\/biokatal.com\/#website\"},\"primaryImageOfPage\":{\"@id\":\"http:\/\/biokatal.com\/ca\/empresa\/qui-som\/#primaryimage\"},\"image\":{\"@id\":\"http:\/\/biokatal.com\/ca\/empresa\/qui-som\/#primaryimage\"},\"thumbnailUrl\":\"http:\/\/biokatal.com\/wp-content\/uploads\/2012\/01\/Biokatal_01_baixa.jpg\",\"datePublished\":\"2012-01-18T17:03:20+00:00\",\"dateModified\":\"2019-12-18T17:01:05+00:00\",\"breadcrumb\":{\"@id\":\"http:\/\/biokatal.com\/ca\/empresa\/qui-som\/#breadcrumb\"},\"inLanguage\":\"ca\",\"potentialAction\":[{\"@type\":\"ReadAction\",\"target\":[\"http:\/\/biokatal.com\/ca\/empresa\/qui-som\/\"]}]},{\"@type\":\"ImageObject\",\"inLanguage\":\"ca\",\"@id\":\"http:\/\/biokatal.com\/ca\/empresa\/qui-som\/#primaryimage\",\"url\":\"http:\/\/biokatal.com\/wp-content\/uploads\/2012\/01\/Biokatal_01_baixa.jpg\",\"contentUrl\":\"http:\/\/biokatal.com\/wp-content\/uploads\/2012\/01\/Biokatal_01_baixa.jpg\"},{\"@type\":\"BreadcrumbList\",\"@id\":\"http:\/\/biokatal.com\/ca\/empresa\/qui-som\/#breadcrumb\",\"itemListElement\":[{\"@type\":\"ListItem\",\"position\":1,\"name\":\"Portada\",\"item\":\"https:\/\/biokatal.com\/ca\/\"},{\"@type\":\"ListItem\",\"position\":2,\"name\":\"Empresa\",\"item\":\"https:\/\/biokatal.com\/ca\/empresa\/\"},{\"@type\":\"ListItem\",\"position\":3,\"name\":\"QUI SOM\"}]},{\"@type\":\"WebSite\",\"@id\":\"http:\/\/biokatal.com\/#website\",\"url\":\"http:\/\/biokatal.com\/\",\"name\":\"Biokatal\",\"description\":\"Biokatal descripcion\",\"potentialAction\":[{\"@type\":\"SearchAction\",\"target\":{\"@type\":\"EntryPoint\",\"urlTemplate\":\"http:\/\/biokatal.com\/?s={search_term_string}\"},\"query-input\":{\"@type\":\"PropertyValueSpecification\",\"valueRequired\":true,\"valueName\":\"search_term_string\"}}],\"inLanguage\":\"ca\"}]}<\/script>\n<!-- \/ Yoast SEO plugin. -->","yoast_head_json":{"title":"QUI SOM - Biokatal","robots":{"index":"index","follow":"follow","max-snippet":"max-snippet:-1","max-image-preview":"max-image-preview:large","max-video-preview":"max-video-preview:-1"},"canonical":"http:\/\/biokatal.com\/ca\/empresa\/qui-som\/","og_locale":"ca_ES","og_type":"article","og_title":"QUI SOM - Biokatal","og_description":"BIOKATAL Nature in action BIOKATAL, \u00e9s una marca de CYGYC BIOCON S.L., empresa resultant de la fusi\u00f3 entre les empreses vinculades CYGYC INDUSTRIA QUIMICA, S.A. I BIOCON ESPA\u00d1OLA, S.A., l\u00edders en la fabricaci\u00f3 i subministrament d\u2019especialitats qu\u00edmiques. El projecte BIOKATAL neix de la necessitat d\u2019aplicar solucions tecnol\u00f2giques alternatives a les propostes qu\u00edmiques cl\u00e0ssiques dins el m\u00f3n de la deterg\u00e8ncia, en&nbsp; ...","og_url":"http:\/\/biokatal.com\/ca\/empresa\/qui-som\/","og_site_name":"Biokatal","article_modified_time":"2019-12-18T17:01:05+00:00","og_image":[{"url":"http:\/\/biokatal.com\/wp-content\/uploads\/2012\/01\/Biokatal_01_baixa.jpg","type":"","width":"","height":""}],"twitter_card":"summary_large_image","twitter_misc":{"Temps estimat de lectura":"1 minut"},"schema":{"@context":"https:\/\/schema.org","@graph":[{"@type":"WebPage","@id":"http:\/\/biokatal.com\/ca\/empresa\/qui-som\/","url":"http:\/\/biokatal.com\/ca\/empresa\/qui-som\/","name":"QUI SOM - Biokatal","isPartOf":{"@id":"http:\/\/biokatal.com\/#website"},"primaryImageOfPage":{"@id":"http:\/\/biokatal.com\/ca\/empresa\/qui-som\/#primaryimage"},"image":{"@id":"http:\/\/biokatal.com\/ca\/empresa\/qui-som\/#primaryimage"},"thumbnailUrl":"http:\/\/biokatal.com\/wp-content\/uploads\/2012\/01\/Biokatal_01_baixa.jpg","datePublished":"2012-01-18T17:03:20+00:00","dateModified":"2019-12-18T17:01:05+00:00","breadcrumb":{"@id":"http:\/\/biokatal.com\/ca\/empresa\/qui-som\/#breadcrumb"},"inLanguage":"ca","potentialAction":[{"@type":"ReadAction","target":["http:\/\/biokatal.com\/ca\/empresa\/qui-som\/"]}]},{"@type":"ImageObject","inLanguage":"ca","@id":"http:\/\/biokatal.com\/ca\/empresa\/qui-som\/#primaryimage","url":"http:\/\/biokatal.com\/wp-content\/uploads\/2012\/01\/Biokatal_01_baixa.jpg","contentUrl":"http:\/\/biokatal.com\/wp-content\/uploads\/2012\/01\/Biokatal_01_baixa.jpg"},{"@type":"BreadcrumbList","@id":"http:\/\/biokatal.com\/ca\/empresa\/qui-som\/#breadcrumb","itemListElement":[{"@type":"ListItem","position":1,"name":"Portada","item":"https:\/\/biokatal.com\/ca\/"},{"@type":"ListItem","position":2,"name":"Empresa","item":"https:\/\/biokatal.com\/ca\/empresa\/"},{"@type":"ListItem","position":3,"name":"QUI SOM"}]},{"@type":"WebSite","@id":"http:\/\/biokatal.com\/#website","url":"http:\/\/biokatal.com\/","name":"Biokatal","description":"Biokatal descripcion","potentialAction":[{"@type":"SearchAction","target":{"@type":"EntryPoint","urlTemplate":"http:\/\/biokatal.com\/?s={search_term_string}"},"query-input":{"@type":"PropertyValueSpecification","valueRequired":true,"valueName":"search_term_string"}}],"inLanguage":"ca"}]}},"_links":{"self":[{"href":"http:\/\/biokatal.com\/ca\/wp-json\/wp\/v2\/pages\/3574","targetHints":{"allow":["GET"]}}],"collection":[{"href":"http:\/\/biokatal.com\/ca\/wp-json\/wp\/v2\/pages"}],"about":[{"href":"http:\/\/biokatal.com\/ca\/wp-json\/wp\/v2\/types\/page"}],"author":[{"embeddable":true,"href":"http:\/\/biokatal.com\/ca\/wp-json\/wp\/v2\/users\/1"}],"replies":[{"embeddable":true,"href":"http:\/\/biokatal.com\/ca\/wp-json\/wp\/v2\/comments?post=3574"}],"version-history":[{"count":11,"href":"http:\/\/biokatal.com\/ca\/wp-json\/wp\/v2\/pages\/3574\/revisions"}],"predecessor-version":[{"id":6209,"href":"http:\/\/biokatal.com\/ca\/wp-json\/wp\/v2\/pages\/3574\/revisions\/6209"}],"up":[{"embeddable":true,"href":"http:\/\/biokatal.com\/ca\/wp-json\/wp\/v2\/pages\/3556"}],"wp:attachment":[{"href":"http:\/\/biokatal.com\/ca\/wp-json\/wp\/v2\/media?parent=3574"}],"curies":[{"name":"wp","href":"https:\/\/api.w.org\/{rel}","templated":true}]}}