{"id":3567,"date":"2015-04-28T16:11:59","date_gmt":"2015-04-28T16:11:59","guid":{"rendered":"http:\/\/localhost\/biocon42\/ca\/home\/"},"modified":"2020-07-13T13:16:46","modified_gmt":"2020-07-13T13:16:46","slug":"inici","status":"publish","type":"page","link":"http:\/\/biokatal.com\/ca\/","title":{"rendered":"INICI"},"content":{"rendered":"<p><!--div class=\"landing-header\"><img loading=\"lazy\" decoding=\"async\" class=\"alignnone size-full wp-image-4728\" src=\"http:\/\/biokatal.com\/wp-content\/uploads\/2015\/04\/newspaper.png\" alt=\"newspaper\" width=\"164\" height=\"160\" \/>\n\n\n<h1>Lorem ipsum dolor sit amet, consectetur adipiscing elit. In\naliquam mass a tortor feugiat tempus<\/h1>\n\n\n\n\n<h2>Suspendisse vel ex non velit vulputate porttit in at nisi. Quisque at lacus pulvinar.<\/h2>\n\n\n<\/div-->\n","protected":false},"excerpt":{"rendered":"","protected":false},"author":1,"featured_media":0,"parent":0,"menu_order":0,"comment_status":"closed","ping_status":"closed","template":"page-inicio.php","meta":{"_acf_changed":false,"footnotes":""},"class_list":["post-3567","page","type-page","status-publish","hentry"],"acf":[],"yoast_head":"<!-- This site is optimized with the Yoast SEO plugin v24.2 - https:\/\/yoast.com\/wordpress\/plugins\/seo\/ -->\n<title>INICI - Biokatal<\/title>\n<meta name=\"description\" content=\"Lider en fabricaci\u00f3n y comercializaci\u00f3n de enzimas en Espa\u00f1a\" \/>\n<meta name=\"robots\" content=\"index, follow, max-snippet:-1, max-image-preview:large, max-video-preview:-1\" \/>\n<link rel=\"canonical\" href=\"https:\/\/biokatal.com\/ca\/\" \/>\n<meta property=\"og:locale\" content=\"ca_ES\" \/>\n<meta property=\"og:type\" content=\"article\" \/>\n<meta property=\"og:title\" content=\"INICI - Biokatal\" \/>\n<meta property=\"og:description\" content=\"Lider en fabricaci\u00f3n y comercializaci\u00f3n de enzimas en Espa\u00f1a\" \/>\n<meta property=\"og:url\" content=\"https:\/\/biokatal.com\/ca\/\" \/>\n<meta property=\"og:site_name\" content=\"Biokatal\" \/>\n<meta property=\"article:modified_time\" content=\"2020-07-13T13:16:46+00:00\" \/>\n<meta property=\"og:image\" content=\"http:\/\/biokatal.com\/wp-content\/uploads\/2015\/04\/newspaper.png\" \/>\n<meta name=\"twitter:card\" content=\"summary_large_image\" \/>\n<script type=\"application\/ld+json\" class=\"yoast-schema-graph\">{\"@context\":\"https:\/\/schema.org\",\"@graph\":[{\"@type\":\"WebPage\",\"@id\":\"https:\/\/biokatal.com\/ca\/\",\"url\":\"https:\/\/biokatal.com\/ca\/\",\"name\":\"INICI - Biokatal\",\"isPartOf\":{\"@id\":\"http:\/\/biokatal.com\/#website\"},\"primaryImageOfPage\":{\"@id\":\"https:\/\/biokatal.com\/ca\/#primaryimage\"},\"image\":{\"@id\":\"https:\/\/biokatal.com\/ca\/#primaryimage\"},\"thumbnailUrl\":\"http:\/\/biokatal.com\/wp-content\/uploads\/2015\/04\/newspaper.png\",\"datePublished\":\"2015-04-28T16:11:59+00:00\",\"dateModified\":\"2020-07-13T13:16:46+00:00\",\"description\":\"Lider en fabricaci\u00f3n y comercializaci\u00f3n de enzimas en Espa\u00f1a\",\"breadcrumb\":{\"@id\":\"https:\/\/biokatal.com\/ca\/#breadcrumb\"},\"inLanguage\":\"ca\",\"potentialAction\":[{\"@type\":\"ReadAction\",\"target\":[\"https:\/\/biokatal.com\/ca\/\"]}]},{\"@type\":\"ImageObject\",\"inLanguage\":\"ca\",\"@id\":\"https:\/\/biokatal.com\/ca\/#primaryimage\",\"url\":\"http:\/\/biokatal.com\/wp-content\/uploads\/2015\/04\/newspaper.png\",\"contentUrl\":\"http:\/\/biokatal.com\/wp-content\/uploads\/2015\/04\/newspaper.png\"},{\"@type\":\"BreadcrumbList\",\"@id\":\"https:\/\/biokatal.com\/ca\/#breadcrumb\",\"itemListElement\":[{\"@type\":\"ListItem\",\"position\":1,\"name\":\"Portada\",\"item\":\"https:\/\/biokatal.com\/ca\/\"},{\"@type\":\"ListItem\",\"position\":2,\"name\":\"INICI\"}]},{\"@type\":\"WebSite\",\"@id\":\"http:\/\/biokatal.com\/#website\",\"url\":\"http:\/\/biokatal.com\/\",\"name\":\"Biokatal\",\"description\":\"Biokatal descripcion\",\"potentialAction\":[{\"@type\":\"SearchAction\",\"target\":{\"@type\":\"EntryPoint\",\"urlTemplate\":\"http:\/\/biokatal.com\/?s={search_term_string}\"},\"query-input\":{\"@type\":\"PropertyValueSpecification\",\"valueRequired\":true,\"valueName\":\"search_term_string\"}}],\"inLanguage\":\"ca\"}]}<\/script>\n<!-- \/ Yoast SEO plugin. -->","yoast_head_json":{"title":"INICI - Biokatal","description":"Lider en fabricaci\u00f3n y comercializaci\u00f3n de enzimas en Espa\u00f1a","robots":{"index":"index","follow":"follow","max-snippet":"max-snippet:-1","max-image-preview":"max-image-preview:large","max-video-preview":"max-video-preview:-1"},"canonical":"https:\/\/biokatal.com\/ca\/","og_locale":"ca_ES","og_type":"article","og_title":"INICI - Biokatal","og_description":"Lider en fabricaci\u00f3n y comercializaci\u00f3n de enzimas en Espa\u00f1a","og_url":"https:\/\/biokatal.com\/ca\/","og_site_name":"Biokatal","article_modified_time":"2020-07-13T13:16:46+00:00","og_image":[{"url":"http:\/\/biokatal.com\/wp-content\/uploads\/2015\/04\/newspaper.png","type":"","width":"","height":""}],"twitter_card":"summary_large_image","schema":{"@context":"https:\/\/schema.org","@graph":[{"@type":"WebPage","@id":"https:\/\/biokatal.com\/ca\/","url":"https:\/\/biokatal.com\/ca\/","name":"INICI - Biokatal","isPartOf":{"@id":"http:\/\/biokatal.com\/#website"},"primaryImageOfPage":{"@id":"https:\/\/biokatal.com\/ca\/#primaryimage"},"image":{"@id":"https:\/\/biokatal.com\/ca\/#primaryimage"},"thumbnailUrl":"http:\/\/biokatal.com\/wp-content\/uploads\/2015\/04\/newspaper.png","datePublished":"2015-04-28T16:11:59+00:00","dateModified":"2020-07-13T13:16:46+00:00","description":"Lider en fabricaci\u00f3n y comercializaci\u00f3n de enzimas en Espa\u00f1a","breadcrumb":{"@id":"https:\/\/biokatal.com\/ca\/#breadcrumb"},"inLanguage":"ca","potentialAction":[{"@type":"ReadAction","target":["https:\/\/biokatal.com\/ca\/"]}]},{"@type":"ImageObject","inLanguage":"ca","@id":"https:\/\/biokatal.com\/ca\/#primaryimage","url":"http:\/\/biokatal.com\/wp-content\/uploads\/2015\/04\/newspaper.png","contentUrl":"http:\/\/biokatal.com\/wp-content\/uploads\/2015\/04\/newspaper.png"},{"@type":"BreadcrumbList","@id":"https:\/\/biokatal.com\/ca\/#breadcrumb","itemListElement":[{"@type":"ListItem","position":1,"name":"Portada","item":"https:\/\/biokatal.com\/ca\/"},{"@type":"ListItem","position":2,"name":"INICI"}]},{"@type":"WebSite","@id":"http:\/\/biokatal.com\/#website","url":"http:\/\/biokatal.com\/","name":"Biokatal","description":"Biokatal descripcion","potentialAction":[{"@type":"SearchAction","target":{"@type":"EntryPoint","urlTemplate":"http:\/\/biokatal.com\/?s={search_term_string}"},"query-input":{"@type":"PropertyValueSpecification","valueRequired":true,"valueName":"search_term_string"}}],"inLanguage":"ca"}]}},"_links":{"self":[{"href":"http:\/\/biokatal.com\/ca\/wp-json\/wp\/v2\/pages\/3567","targetHints":{"allow":["GET"]}}],"collection":[{"href":"http:\/\/biokatal.com\/ca\/wp-json\/wp\/v2\/pages"}],"about":[{"href":"http:\/\/biokatal.com\/ca\/wp-json\/wp\/v2\/types\/page"}],"author":[{"embeddable":true,"href":"http:\/\/biokatal.com\/ca\/wp-json\/wp\/v2\/users\/1"}],"replies":[{"embeddable":true,"href":"http:\/\/biokatal.com\/ca\/wp-json\/wp\/v2\/comments?post=3567"}],"version-history":[{"count":20,"href":"http:\/\/biokatal.com\/ca\/wp-json\/wp\/v2\/pages\/3567\/revisions"}],"predecessor-version":[{"id":6241,"href":"http:\/\/biokatal.com\/ca\/wp-json\/wp\/v2\/pages\/3567\/revisions\/6241"}],"wp:attachment":[{"href":"http:\/\/biokatal.com\/ca\/wp-json\/wp\/v2\/media?parent=3567"}],"curies":[{"name":"wp","href":"https:\/\/api.w.org\/{rel}","templated":true}]}}